{"id":444,"date":"2026-04-08T18:14:18","date_gmt":"2026-04-08T18:14:18","guid":{"rendered":"https:\/\/gontus.pl\/?page_id=444"},"modified":"2026-04-08T18:26:24","modified_gmt":"2026-04-08T18:26:24","slug":"mesmerize","status":"publish","type":"page","link":"https:\/\/gontus.pl\/","title":{"rendered":"Front Page"},"content":{"rendered":"<div  id=\"overlappable-4\" style=\"background-color: rgb(255, 255, 255); background-image: none;\" data-label=\"Overlappable\" data-id=\"overlappable-4\" data-export-id=\"overlappable-4\" data-category=\"overlappable\" class=\"overlappable-4 content-section content-section-spacing\" data-overlap=\"true\">\n<div  class=\"gridContainer\">\n<div  data-type=\"row\" class=\"row spaced-cols text-center\">\n<div  class=\"col-xs-12 col-sm-4 col-padding\"> <i  class=\"fa icon shadow-large-black aligncenter color1 fa-clone reverse round large\"><\/i> <\/p>\n<div  data-type=\"column\" class=\"\">\n<p  class=\"\">\n<p><img decoding=\"async\"  class=\"custom-image\" src=\"https:\/\/gontus.pl\/wp-content\/uploads\/2026\/03\/cropped-p111.png\" title=\"cropped-p111.png\" alt=\"\"><\/p>\n<h5  class=\"\">wsp\u00f3\u0142praca z deweloperem<br \/>\n<br >wsp\u00f3\u0142praca z generalnym wykonawc\u0105<br \/>\n<br >obs\u0142uga indywidualnego klienta<\/h5>\n<\/div><\/div>\n<div  class=\"col-xs-12 col-sm-4 col-padding\"> <i  class=\"fa icon fa-cogs large shadow-large-black round aligncenter reverse color1\"><\/i> <\/p>\n<div  data-type=\"column\" class=\"\">\n<h5  class=\"\"><\/h5>\n<p  class=\"\">\n<\/div><\/div>\n<div  class=\"col-xs-12 col-sm-4 col-padding\"> <i  class=\"fa icon fa-magic large shadow-large-black round aligncenter reverse color1\"><\/i> <\/p>\n<div  data-type=\"column\" class=\"\">\n<h5  class=\"\"><\/h5>\n<p  class=\"\">\n<\/div><\/div>\n<\/div><\/div>\n<\/div>\n<div  id=\"about-1\" style=\"background-color: #f5fafd;\" data-label=\"About\" data-id=\"about-1\" data-export-id=\"about-1\" data-category=\"about\" class=\"about-1 content-section\">\n<div  class=\"gridContainer\">\n<div  class=\"row text-center\">\n<div  class=\"section-title-col\" data-type=\"column\">\n<h5  class=\"\"><\/h5>\n<h2  class=\"\"><span  href=\"#\" style=\"font-weight: 700; font-family: Playfair Display,sans-serif; font-style: italic;\"><\/span><\/h2>\n<p  class=\"lead\">\n<\/div><\/div>\n<div  class=\"row\">\n<div  class=\"button-holder space-bottom space-bottom-small\" data-type=\"column\"> <a  class=\"button color1\" href=\"#\"><\/a><\/div>\n<div  class=\"col-xs bottom-xs flexbox image-group-bottom-3-img space-bottom-xs center-xs\"> <img  decoding=\"async\" class=\"left-img shadow-large-black\" data-size=\"500x300\" src=\"https:\/\/gontus.pl\/wp-content\/plugins\/mesmerize-companion\/theme-data\/mesmerize\/sections\/images\/computer-2569652.jpg\"> <img  decoding=\"async\" class=\"center-img shadow-large-black\" data-size=\"500x300\" src=\"https:\/\/gontus.pl\/wp-content\/plugins\/mesmerize-companion\/theme-data\/mesmerize\/sections\/images\/apple-1838564.jpg\"> <img  decoding=\"async\" class=\"right-img shadow-large-black\" data-size=\"500x300\" src=\"https:\/\/gontus.pl\/wp-content\/plugins\/mesmerize-companion\/theme-data\/mesmerize\/sections\/images\/laptop-2559795.jpg\"><\/div>\n<\/p><\/div>\n<\/div><\/div>\n<div  id=\"features-3\" style=\"background-color: #ffffff;\" data-label=\"Features\" data-id=\"features-12-card-bordered\" data-export-id=\"features-12-card-bordered\" data-category=\"features\" class=\"features-12-card-bordered content-section content-section-spacing \">\n<div  class=\"gridContainer\">\n<div  class=\"row text-center\">\n<div  class=\"section-title-col\" data-type=\"column\">\n<h2  class=\"\"><\/h2>\n<p  class=\"lead\">\n<\/div><\/div>\n<div  class=\"row spaced-cols\" data-type=\"row\">\n<div  class=\"col-sm-6\">\n<div  class=\"card row-card bordered y-move\">\n<div  class=\"row\">\n<div  class=\"col-sm-fit icon-column\"> <i  class=\"fa icon fa-connectdevelop round bordered color2\"><\/i> <\/div>\n<div  class=\"col-sm\" data-type=\"column\">\n<h5  class=\"color2\"><\/h5>\n<p  class=\"\">\n<\/div><\/div>\n<\/div><\/div>\n<div  class=\"col-sm-6\">\n<div  class=\"card row-card bordered y-move\">\n<div  class=\"row\">\n<div  class=\"col-sm-fit icon-column\"> <i  class=\"fa icon fa-codepen round bordered color2\"><\/i> <\/div>\n<div  class=\"col-sm\" data-type=\"column\">\n<h5  class=\"color2\"><\/h5>\n<p  class=\"\">\n<\/div><\/div>\n<\/div><\/div>\n<div  class=\"col-sm-6\">\n<div  class=\"card row-card bordered y-move\">\n<div  class=\"row\">\n<div  class=\"col-sm-fit icon-column\"> <i  class=\"fa icon fa-cube round bordered color2\"><\/i> <\/div>\n<div  class=\"col-sm\" data-type=\"column\">\n<h5  class=\"color2\"><\/h5>\n<p  class=\"\">\n<\/div><\/div>\n<\/div><\/div>\n<div  class=\"col-sm-6\">\n<div  class=\"card row-card bordered y-move\">\n<div  class=\"row\">\n<div  class=\"col-sm-fit icon-column\"> <i  class=\"fa icon fa-database round bordered color2\"><\/i> <\/div>\n<div  class=\"col-sm\" data-type=\"column\">\n<h5  class=\"color2\"><\/h5>\n<p  class=\"\">\n<\/div><\/div>\n<\/div><\/div>\n<\/div><\/div>\n<\/div>\n<div  id=\"content-13\" style=\"background-color: #f5fafd;\" data-label=\"Content\" data-id=\"content-2\" data-export-id=\"content-2\" data-category=\"content\" class=\"content-2 content-section content-section-spacing\">\n<div >\n<div  class=\"row middle-xs\">\n<div  class=\"col-sm-5 bg-image shadow-large-black\" data-bg=\"image\"><\/div>\n<div  class=\"col-sm-7 full-col-left-padding full-col-right-padding\">\n<div  class=\"row\">\n<div  data-type=\"column\" class=\"space-bottom-small content-title-col\">\n<h5  class=\"\"><\/h5>\n<h2  class=\"\"><\/h2>\n<p  class=\"\">\n<\/div><\/div>\n<div  class=\"row spaced-cols \" data-type=\"row\">\n<div  class=\"col-xs-6\" data-type=\"column\">\n<h5  class=\"\"><\/h5>\n<p  class=\"\">\n<\/div>\n<div  class=\"col-xs-6\" data-type=\"column\">\n<h5  class=\"\"><\/h5>\n<p  class=\"\">\n<\/div>\n<div  class=\"col-xs-6\" data-type=\"column\">\n<h5  class=\"\"><\/h5>\n<p  class=\"\">\n<\/div>\n<div  class=\"col-xs-6\" data-type=\"column\">\n<h5  class=\"\"><\/h5>\n<p  class=\"\">\n<\/div><\/div>\n<\/div><\/div>\n<\/div><\/div>\n<div  id=\"content-14\" style=\"background-color: #ffffff;\" data-label=\"Content\" data-id=\"content-3\" data-export-id=\"content-3\" data-category=\"content\" class=\"content-3 content-section content-section-spacing\">\n<div >\n<div  class=\"row middle-xs\">\n<div  class=\"col-sm-7 full-col-left-padding full-col-right-padding\">\n<div  class=\"row\">\n<div  data-type=\"column\" class=\"space-bottom-small content-title-col\">\n<h5  class=\"\"><\/h5>\n<h2  class=\"\"><\/h2>\n<p  class=\"\">\n<\/div><\/div>\n<div  class=\"row spaced-cols\" data-type=\"row\">\n<div  class=\"col-xs-6\" data-type=\"column\">\n<h5  class=\"\"><\/h5>\n<p  class=\"\">\n<\/div>\n<div  class=\"col-xs-6\" data-type=\"column\">\n<h5  class=\"\"><\/h5>\n<p  class=\"\">\n<\/div>\n<div  class=\"col-xs-6\" data-type=\"column\">\n<h5  class=\"\"><\/h5>\n<p  class=\"\">\n<\/div>\n<div  class=\"col-xs-6\" data-type=\"column\">\n<h5  class=\"\"><\/h5>\n<p  class=\"\">\n<\/div><\/div>\n<\/div>\n<div  class=\"col-sm-5 bg-image shadow-large-black revert-classes-holder\" data-bg=\"image\"><\/div>\n<\/div><\/div>\n<\/div>\n<div  id=\"portfolio-3\" style=\"background-color: #f5fafd;\" data-label=\"Portfolio\" data-id=\"portfolio-4\" data-export-id=\"portfolio-4\" data-category=\"portfolio\" class=\"portfolio-4 content-section content-section-spacing-top\">\n<div  class=\"\">\n<div  class=\"row text-center\">\n<div  class=\"section-title-col\" data-type=\"column\">\n<h2  class=\"\"><\/h2>\n<p  class=\"lead\">\n<\/div><\/div>\n<div  data-type=\"row\" class=\"row\" data-fixed=\"true\">\n<div  class=\"col-xs-12 col-sm-3 no-gutter-col\">\n<div  class=\"contentswap-effect\" data-hover-fx=\"portfolio-4\">\n<div  class=\"initial-image\"> <img  decoding=\"async\" data-size=\"542x360\" src=\"https:\/\/gontus.pl\/wp-content\/plugins\/mesmerize-companion\/theme-data\/mesmerize\/sections\/images\/apple-1838564.jpg\"><\/div>\n<div  class=\"overlay bg-color1\"><\/div>\n<div  class=\"swap-inner col-xs-12\">\n<div  class=\"row full-height-row middle-xs middle-sm\">\n<div  class=\"col-xs-12 text-center content-holder\"> <a  href=\"#\"><i  class=\"fa fa-search icon big portfolio-icon\" aria-hidden=\"true\"><\/i><\/a><\/div>\n<\/p><\/div>\n<\/div><\/div>\n<\/div>\n<div  class=\"col-xs-12 col-sm-3 no-gutter-col\">\n<div  class=\"contentswap-effect\" data-hover-fx=\"portfolio-4\">\n<div  class=\"initial-image\"> <img  decoding=\"async\" data-size=\"542x360\" src=\"https:\/\/gontus.pl\/wp-content\/plugins\/mesmerize-companion\/theme-data\/mesmerize\/sections\/images\/laptop-2559795.jpg\"><\/div>\n<div  class=\"overlay bg-color1\"><\/div>\n<div  class=\"swap-inner col-xs-12\">\n<div  class=\"row full-height-row middle-xs middle-sm\">\n<div  class=\"col-xs-12 text-center content-holder\"> <a  href=\"#\"><i  class=\"fa fa-search icon big portfolio-icon\" aria-hidden=\"true\"><\/i><\/a><\/div>\n<\/p><\/div>\n<\/div><\/div>\n<\/div>\n<div  class=\"col-xs-12 col-sm-3 no-gutter-col\">\n<div  class=\"contentswap-effect\" data-hover-fx=\"portfolio-4\">\n<div  class=\"initial-image\"> <img  decoding=\"async\" data-size=\"542x360\" src=\"https:\/\/gontus.pl\/wp-content\/plugins\/mesmerize-companion\/theme-data\/mesmerize\/sections\/images\/computer-2569652.jpg\"><\/div>\n<div  class=\"overlay bg-color1\"><\/div>\n<div  class=\"swap-inner col-xs-12\">\n<div  class=\"row full-height-row middle-xs middle-sm\">\n<div  class=\"col-xs-12 text-center content-holder\"> <a  href=\"#\"><i  class=\"fa fa-search icon big portfolio-icon\" aria-hidden=\"true\"><\/i><\/a><\/div>\n<\/p><\/div>\n<\/div><\/div>\n<\/div>\n<div  class=\"col-xs-12 col-sm-3 no-gutter-col\">\n<div  class=\"contentswap-effect\" data-hover-fx=\"portfolio-4\">\n<div  class=\"initial-image\"> <img  decoding=\"async\" data-size=\"542x360\" src=\"https:\/\/gontus.pl\/wp-content\/plugins\/mesmerize-companion\/theme-data\/mesmerize\/sections\/images\/laptop-2559795.jpg\"><\/div>\n<div  class=\"overlay bg-color1\"><\/div>\n<div  class=\"swap-inner col-xs-12\">\n<div  class=\"row full-height-row middle-xs middle-sm\">\n<div  class=\"col-xs-12 text-center content-holder\"> <a  href=\"#\"><i  class=\"fa fa-search icon big portfolio-icon\" aria-hidden=\"true\"><\/i><\/a><\/div>\n<\/p><\/div>\n<\/div><\/div>\n<\/div>\n<div  class=\"col-xs-12 col-sm-3 no-gutter-col\">\n<div  class=\"contentswap-effect\" data-hover-fx=\"portfolio-4\">\n<div  class=\"initial-image\"> <img  decoding=\"async\" data-size=\"542x360\" src=\"https:\/\/gontus.pl\/wp-content\/plugins\/mesmerize-companion\/theme-data\/mesmerize\/sections\/images\/apple-1838564.jpg\"><\/div>\n<div  class=\"overlay bg-color1\"><\/div>\n<div  class=\"swap-inner col-xs-12\">\n<div  class=\"row full-height-row middle-xs middle-sm\">\n<div  class=\"col-xs-12 text-center content-holder\"> <a  href=\"#\"><i  class=\"fa fa-search icon big portfolio-icon\" aria-hidden=\"true\"><\/i><\/a><\/div>\n<\/p><\/div>\n<\/div><\/div>\n<\/div>\n<div  class=\"col-xs-12 col-sm-3 no-gutter-col\">\n<div  class=\"contentswap-effect\" data-hover-fx=\"portfolio-4\">\n<div  class=\"initial-image\"> <img  decoding=\"async\" data-size=\"542x360\" src=\"https:\/\/gontus.pl\/wp-content\/plugins\/mesmerize-companion\/theme-data\/mesmerize\/sections\/images\/computer-2569652.jpg\"><\/div>\n<div  class=\"overlay bg-color1\"><\/div>\n<div  class=\"swap-inner col-xs-12\">\n<div  class=\"row full-height-row middle-xs middle-sm\">\n<div  class=\"col-xs-12 text-center content-holder\"> <a  href=\"#\"><i  class=\"fa fa-search icon big portfolio-icon\" aria-hidden=\"true\"><\/i><\/a><\/div>\n<\/p><\/div>\n<\/div><\/div>\n<\/div>\n<div  class=\"col-xs-12 col-sm-3 no-gutter-col\">\n<div  class=\"contentswap-effect\" data-hover-fx=\"portfolio-4\">\n<div  class=\"initial-image\"> <img  decoding=\"async\" data-size=\"542x360\" src=\"https:\/\/gontus.pl\/wp-content\/plugins\/mesmerize-companion\/theme-data\/mesmerize\/sections\/images\/apple-1838564.jpg\"><\/div>\n<div  class=\"overlay bg-color1\"><\/div>\n<div  class=\"swap-inner col-xs-12\">\n<div  class=\"row full-height-row middle-xs middle-sm\">\n<div  class=\"col-xs-12 text-center content-holder\"> <a  href=\"#\"><i  class=\"fa fa-search icon big portfolio-icon\" aria-hidden=\"true\"><\/i><\/a><\/div>\n<\/p><\/div>\n<\/div><\/div>\n<\/div>\n<div  class=\"col-xs-12 col-sm-3 no-gutter-col\">\n<div  class=\"contentswap-effect\" data-hover-fx=\"portfolio-4\">\n<div  class=\"initial-image\"> <img  decoding=\"async\" data-size=\"542x360\" src=\"https:\/\/gontus.pl\/wp-content\/plugins\/mesmerize-companion\/theme-data\/mesmerize\/sections\/images\/laptop-2559795.jpg\"><\/div>\n<div  class=\"overlay bg-color1\"><\/div>\n<div  class=\"swap-inner col-xs-12\">\n<div  class=\"row full-height-row middle-xs middle-sm\">\n<div  class=\"col-xs-12 text-center content-holder\"> <a  href=\"#\"><i  class=\"fa fa-search icon big portfolio-icon\" aria-hidden=\"true\"><\/i><\/a><\/div>\n<\/p><\/div>\n<\/div><\/div>\n<\/div><\/div>\n<\/div><\/div>\n<div  id=\"testimonials-5\" style=\"background-color: #ffffff;\" data-label=\"Testimonials\" data-id=\"testimonials-5\" data-export-id=\"testimonials-5\" data-category=\"testimonials\" class=\"testimonials-5 content-section content-section-spacing\">\n<div  class=\"gridContainer\">\n<div  class=\"row\">\n<div  data-type=\"column\" class=\"section-title-col\">\n<h2  class=\"\"><\/h2>\n<p  class=\"lead\">\n<\/div><\/div>\n<div  class=\"row spaced-cols content-center-sm\" data-type=\"row\">\n<div  class=\"col-xs-12 col-sm-6 col-md-4\">\n<div  class=\"card y-move bordered\" data-type=\"column\"> <i  class=\"fa fa-quote-right icon color1 small quotation-icon\"><\/i> <\/p>\n<p  class=\"text-center\">\n<p> <img  decoding=\"async\" src=\"https:\/\/gontus.pl\/wp-content\/plugins\/mesmerize-companion\/theme-data\/mesmerize\/sections\/images\/team-5.jpg\" class=\"round icon\"> <\/p>\n<h6  class=\"\"><\/h6>\n<p  class=\"small italic\">\n<\/div><\/div>\n<div  class=\"col-xs-12 col-sm-6 col-md-4\">\n<div  class=\"card y-move bordered\" data-type=\"column\"> <i  class=\"fa fa-quote-right icon color1 small quotation-icon\"><\/i> <\/p>\n<p  class=\"text-center\">\n<p> <img  decoding=\"async\" src=\"https:\/\/gontus.pl\/wp-content\/plugins\/mesmerize-companion\/theme-data\/mesmerize\/sections\/images\/team-5.jpg\" class=\"round icon\"> <\/p>\n<h6  class=\"\"><\/h6>\n<p  class=\"small italic\">\n<\/div><\/div>\n<div  class=\"col-xs-12 col-sm-6 col-md-4\">\n<div  class=\"card y-move bordered\" data-type=\"column\"> <i  class=\"fa fa-quote-right icon color1 small quotation-icon\"><\/i> <\/p>\n<p  class=\"text-center\">\n<p> <img  decoding=\"async\" src=\"https:\/\/gontus.pl\/wp-content\/plugins\/mesmerize-companion\/theme-data\/mesmerize\/sections\/images\/team-5.jpg\" class=\"round icon\"> <\/p>\n<h6  class=\"\"><\/h6>\n<p  class=\"small italic\">\n<\/div><\/div>\n<\/div><\/div>\n<\/div>\n<div  id=\"cta-1\" data-label=\"Cta\" data-id=\"cta-blue-section\" data-export-id=\"cta-blue-section\" data-category=\"cta\" class=\"cta-blue-section content-section content-section-spacing-medium bg-color1 white-text\">\n<div  class=\"gridContainer\">\n<div  class=\"row middle-xs\">\n<div  class=\"col-sm-8 space-bottom-xs\" data-type=\"column\">\n<h2  class=\"\"><span  class=\"font-300\"><\/span><\/h2>\n<\/p><\/div>\n<div  class=\"col-sm-4 end-sm\" data-type=\"column\"> <a  class=\"button color2\" href=\"#\"><\/a><\/div>\n<\/p><\/div>\n<\/div><\/div>\n<div  id=\"team-2\" style=\"background-color: #ffffff;\" data-label=\"Team\" data-id=\"team-2\" data-export-id=\"team-2\" data-category=\"team\" class=\"team-2 content-section content-section-spacing\">\n<div  class=\"gridContainer\">\n<div  class=\"row text-center\">\n<div  class=\"section-title-col\" data-type=\"column\">\n<h2  class=\"\"><\/h2>\n<p  class=\"lead\">\n<\/div><\/div>\n<div  class=\"row spaced-cols content-center-sm\" data-type=\"row\">\n<div  class=\"col-sm-6 col-md-3\">\n<div  class=\"card y-move no-padding bordered\"> <img  decoding=\"async\" class=\"face\" src=\"https:\/\/gontus.pl\/wp-content\/plugins\/mesmerize-companion\/theme-data\/mesmerize\/sections\/images\/team-1.jpg\"> <\/p>\n<div  data-type=\"column\" class=\"col-padding-small col-padding-small-xs description-container\">\n<h4  class=\"font-500\"><\/h4>\n<p  class=\"small\" style=\"font-style: italic;\">\n<div  class=\"social-icons-group\" data-type=\"group\"> <a  href=\"#\"><i  class=\"gray fa icon fa-facebook-square small\"><\/i><\/a> <a  href=\"#\"><i  class=\"gray fa icon fa-twitter-square small\"><\/i><\/a> <a  href=\"#\"><i  class=\"gray fa icon fa-linkedin-square small\"><\/i><\/a> <a  href=\"#\"><i  class=\"gray fa icon fa-google-plus-square small\"><\/i><\/a><\/div>\n<\/p><\/div>\n<\/div><\/div>\n<div  class=\"col-sm-6 col-md-3\">\n<div  class=\"card y-move no-padding bordered\"> <img  decoding=\"async\" class=\"face\" src=\"https:\/\/gontus.pl\/wp-content\/plugins\/mesmerize-companion\/theme-data\/mesmerize\/sections\/images\/team-2.jpg\"> <\/p>\n<div  data-type=\"column\" class=\"col-padding-small col-padding-small-xs description-container\">\n<h4  class=\"font-500\"><\/h4>\n<p  class=\"small\" style=\"font-style: italic;\">\n<div  class=\"social-icons-group\" data-type=\"group\"> <a  href=\"#\"><i  class=\"gray fa icon fa-facebook-square small\"><\/i><\/a> <a  href=\"#\"><i  class=\"gray fa icon fa-twitter-square small\"><\/i><\/a> <a  href=\"#\"><i  class=\"gray fa icon fa-linkedin-square small\"><\/i><\/a> <a  href=\"#\"><i  class=\"gray fa icon fa-google-plus-square small\"><\/i><\/a><\/div>\n<\/p><\/div>\n<\/div><\/div>\n<div  class=\"col-sm-6 col-md-3\">\n<div  class=\"card y-move no-padding bordered\"> <img  decoding=\"async\" class=\"face\" src=\"https:\/\/gontus.pl\/wp-content\/plugins\/mesmerize-companion\/theme-data\/mesmerize\/sections\/images\/team-3.jpg\"> <\/p>\n<div  data-type=\"column\" class=\"col-padding-small col-padding-small-xs description-container\">\n<h4  class=\"font-500\"><\/h4>\n<p  class=\"small\" style=\"font-style: italic;\">\n<div  class=\"social-icons-group\" data-type=\"group\"> <a  href=\"#\"><i  class=\"gray fa icon fa-facebook-square small\"><\/i><\/a> <a  href=\"#\"><i  class=\"gray fa icon fa-twitter-square small\"><\/i><\/a> <a  href=\"#\"><i  class=\"gray fa icon fa-linkedin-square small\"><\/i><\/a> <a  href=\"#\"><i  class=\"gray fa icon fa-google-plus-square small\"><\/i><\/a><\/div>\n<\/p><\/div>\n<\/div><\/div>\n<div  class=\"col-sm-6 col-md-3\">\n<div  class=\"card y-move no-padding bordered\"> <img  decoding=\"async\" class=\"face\" src=\"https:\/\/gontus.pl\/wp-content\/plugins\/mesmerize-companion\/theme-data\/mesmerize\/sections\/images\/team-2.jpg\"> <\/p>\n<div  data-type=\"column\" class=\"col-padding-small col-padding-small-xs description-container\">\n<h4  class=\"font-500\"><\/h4>\n<p  class=\"small\" style=\"font-style: italic;\">\n<div  class=\"social-icons-group\" data-type=\"group\"> <a  href=\"#\"><i  class=\"gray fa icon fa-facebook-square small\"><\/i><\/a> <a  href=\"#\"><i  class=\"gray fa icon fa-twitter-square small\"><\/i><\/a> <a  href=\"#\"><i  class=\"gray fa icon fa-linkedin-square small\"><\/i><\/a> <a  href=\"#\"><i  class=\"gray fa icon fa-google-plus-square small\"><\/i><\/a><\/div>\n<\/p><\/div>\n<\/div><\/div>\n<div  class=\"col-sm-6 col-md-3\">\n<div  class=\"card y-move no-padding bordered\"> <img  decoding=\"async\" class=\"face\" src=\"https:\/\/gontus.pl\/wp-content\/plugins\/mesmerize-companion\/theme-data\/mesmerize\/sections\/images\/team-5.jpg\"> <\/p>\n<div  data-type=\"column\" class=\"col-padding-small col-padding-small-xs description-container\">\n<h4  class=\"font-500\"><\/h4>\n<p  class=\"small\" style=\"font-style: italic;\">\n<div  class=\"social-icons-group\" data-type=\"group\"> <a  href=\"#\"><i  class=\"gray fa icon fa-facebook-square small\"><\/i><\/a> <a  href=\"#\"><i  class=\"gray fa icon fa-twitter-square small\"><\/i><\/a> <a  href=\"#\"><i  class=\"gray fa icon fa-linkedin-square small\"><\/i><\/a> <a  href=\"#\"><i  class=\"gray fa icon fa-google-plus-square small\"><\/i><\/a><\/div>\n<\/p><\/div>\n<\/div><\/div>\n<div  class=\"col-sm-6 col-md-3\">\n<div  class=\"card y-move no-padding bordered\"> <img  decoding=\"async\" class=\"face\" src=\"https:\/\/gontus.pl\/wp-content\/plugins\/mesmerize-companion\/theme-data\/mesmerize\/sections\/images\/team-6.jpg\"> <\/p>\n<div  data-type=\"column\" class=\"col-padding-small col-padding-small-xs description-container\">\n<h4  class=\"font-500\"><\/h4>\n<p  class=\"small\" style=\"font-style: italic;\">\n<div  class=\"social-icons-group\" data-type=\"group\"> <a  href=\"#\"><i  class=\"gray fa icon fa-facebook-square small\"><\/i><\/a> <a  href=\"#\"><i  class=\"gray fa icon fa-twitter-square small\"><\/i><\/a> <a  href=\"#\"><i  class=\"gray fa icon fa-linkedin-square small\"><\/i><\/a> <a  href=\"#\"><i  class=\"gray fa icon fa-google-plus-square small\"><\/i><\/a><\/div>\n<\/p><\/div>\n<\/div><\/div>\n<div  class=\"col-sm-6 col-md-3\">\n<div  class=\"card y-move no-padding bordered\"> <img  decoding=\"async\" class=\"face\" src=\"https:\/\/gontus.pl\/wp-content\/plugins\/mesmerize-companion\/theme-data\/mesmerize\/sections\/images\/team-7.jpg\"> <\/p>\n<div  data-type=\"column\" class=\"col-padding-small col-padding-small-xs description-container\">\n<h4  class=\"font-500\"><\/h4>\n<p  class=\"small\" style=\"font-style: italic;\">\n<div  class=\"social-icons-group\" data-type=\"group\"> <a  href=\"#\"><i  class=\"gray fa icon fa-facebook-square small\"><\/i><\/a> <a  href=\"#\"><i  class=\"gray fa icon fa-twitter-square small\"><\/i><\/a> <a  href=\"#\"><i  class=\"gray fa icon fa-linkedin-square small\"><\/i><\/a> <a  href=\"#\"><i  class=\"gray fa icon fa-google-plus-square small\"><\/i><\/a><\/div>\n<\/p><\/div>\n<\/div><\/div>\n<div  class=\"col-sm-6 col-md-3\">\n<div  class=\"card y-move no-padding bordered\"> <img  decoding=\"async\" class=\"face\" src=\"https:\/\/gontus.pl\/wp-content\/plugins\/mesmerize-companion\/theme-data\/mesmerize\/sections\/images\/team-8.jpg\"> <\/p>\n<div  data-type=\"column\" class=\"col-padding-small col-padding-small-xs description-container\">\n<h4  class=\"font-500\"><\/h4>\n<p  class=\"small\" style=\"font-style: italic;\">\n<div  class=\"social-icons-group\" data-type=\"group\"> <a  href=\"#\"><i  class=\"gray fa icon fa-facebook-square small\"><\/i><\/a> <a  href=\"#\"><i  class=\"gray fa icon fa-twitter-square small\"><\/i><\/a> <a  href=\"#\"><i  class=\"gray fa icon fa-linkedin-square small\"><\/i><\/a> <a  href=\"#\"><i  class=\"gray fa icon fa-google-plus-square small\"><\/i><\/a><\/div>\n<\/p><\/div>\n<\/div><\/div>\n<\/div><\/div>\n<\/div>\n<div  id=\"latest-news-1\" style=\"background-color: #f5fafd;\" data-label=\"Latest-news\" data-id=\"blog-section\" data-export-id=\"blog-section\" data-category=\"latest_news\" class=\"blog-section blog-section-standard content-section content-section-spacing\">\n<div  class=\"gridContainer\">\n<div  class=\"row\">\n<div  data-type=\"column\" class=\"section-title-col\">\n<h2  class=\"\"><\/h2>\n<p  class=\"lead\">\n<\/div><\/div>\n<div  class=\"row\">\n<div  data-type=\"row\" data-dynamic-columns=\"handled\" data-content-shortcode=\"mesmerize_latest_news\">[mesmerize_latest_news]<\/div>\n<\/div>\n<div  class=\"row\">\n<div  class=\"text-center\"> <a  class=\"button color1\" data-attr-shortcode=\"href:mesmerize_blog_link\" href=\"[mesmerize_blog_link]\"><\/a><\/div>\n<\/p><\/div>\n<\/div>\n<\/div>\n<div  id=\"contact-1\" data-label=\"Contact\" data-id=\"contact-1\" data-export-id=\"contact-1\" data-category=\"contact\" class=\"contact-1 content-section content-section-spacing white-text\" data-parallax-depth=\"20\">\n<div  class=\"gridContainer\">\n<div  class=\"row text-center\">\n<div  class=\"section-title-col\" data-type=\"column\">\n<h2  class=\"\"><\/h2>\n<p  class=\"lead\">\n<\/div><\/div>\n<div  class=\"row text-center\">\n<div  class=\"col-xs-12 col-sm-8 col-sm-offset-2 contact-form-wrapper inline-info\">\n<div  class=\"card large-padding\">\n<div  class=\"\" data-content-shortcode=\"mesmerize_contact_form\" data-editable=\"true\">[mesmerize_contact_form]<\/div>\n<\/div><\/div>\n<\/div><\/div>\n<\/div>\n","protected":false},"excerpt":{"rendered":"<p>wsp\u00f3\u0142praca z deweloperem wsp\u00f3\u0142praca z generalnym wykonawc\u0105 obs\u0142uga indywidualnego klienta [mesmerize_latest_news] [mesmerize_contact_form]<\/p>\n","protected":false},"author":1,"featured_media":0,"parent":0,"menu_order":0,"comment_status":"closed","ping_status":"closed","template":"page-templates\/homepage.php","meta":{"footnotes":""},"class_list":["post-444","page","type-page","status-publish","hentry"],"_links":{"self":[{"href":"https:\/\/gontus.pl\/index.php?rest_route=\/wp\/v2\/pages\/444","targetHints":{"allow":["GET"]}}],"collection":[{"href":"https:\/\/gontus.pl\/index.php?rest_route=\/wp\/v2\/pages"}],"about":[{"href":"https:\/\/gontus.pl\/index.php?rest_route=\/wp\/v2\/types\/page"}],"author":[{"embeddable":true,"href":"https:\/\/gontus.pl\/index.php?rest_route=\/wp\/v2\/users\/1"}],"replies":[{"embeddable":true,"href":"https:\/\/gontus.pl\/index.php?rest_route=%2Fwp%2Fv2%2Fcomments&post=444"}],"version-history":[{"count":1,"href":"https:\/\/gontus.pl\/index.php?rest_route=\/wp\/v2\/pages\/444\/revisions"}],"predecessor-version":[{"id":448,"href":"https:\/\/gontus.pl\/index.php?rest_route=\/wp\/v2\/pages\/444\/revisions\/448"}],"wp:attachment":[{"href":"https:\/\/gontus.pl\/index.php?rest_route=%2Fwp%2Fv2%2Fmedia&parent=444"}],"curies":[{"name":"wp","href":"https:\/\/api.w.org\/{rel}","templated":true}]}}