{"id":14,"date":"2026-03-18T16:46:45","date_gmt":"2026-03-18T16:46:45","guid":{"rendered":"https:\/\/gontus.pl\/?page_id=14"},"modified":"2026-03-18T17:07:43","modified_gmt":"2026-03-18T17:07:43","slug":"elementor-14","status":"publish","type":"page","link":"https:\/\/gontus.pl\/?page_id=14","title":{"rendered":"Elementor #14"},"content":{"rendered":"\t\t<div data-elementor-type=\"wp-page\" data-elementor-id=\"14\" class=\"elementor elementor-14\">\n\t\t\t\t<div class=\"elementor-element elementor-element-6e9762a e-flex e-con-boxed e-con e-parent\" data-id=\"6e9762a\" data-element_type=\"container\" data-e-type=\"container\" data-settings=\"{&quot;background_background&quot;:&quot;classic&quot;,&quot;position&quot;:&quot;fixed&quot;}\">\n\t\t\t\t\t<div class=\"e-con-inner\">\n\t\t\t\t<div class=\"elementor-element elementor-element-a7542ba elementor-widget elementor-widget-heading\" data-id=\"a7542ba\" data-element_type=\"widget\" data-e-type=\"widget\" data-widget_type=\"heading.default\">\n\t\t\t\t\t<h2 class=\"elementor-heading-title elementor-size-default\">Dodaj tu sw\u00f3j tekst nag\u0142\u00f3wka<\/h2>\t\t\t\t<\/div>\n\t\t\t\t<div class=\"elementor-element elementor-element-e767955 elementor-widget elementor-widget-image\" data-id=\"e767955\" data-element_type=\"widget\" data-e-type=\"widget\" data-widget_type=\"image.default\">\n\t\t\t\t\t\t\t\t\t\t\t\t\t\t\t<img fetchpriority=\"high\" decoding=\"async\" width=\"873\" height=\"309\" src=\"https:\/\/gontus.pl\/wp-content\/uploads\/2026\/03\/logo-biale.png\" class=\"attachment-large size-large wp-image-19\" alt=\"\" srcset=\"https:\/\/gontus.pl\/wp-content\/uploads\/2026\/03\/logo-biale.png 873w, https:\/\/gontus.pl\/wp-content\/uploads\/2026\/03\/logo-biale-300x106.png 300w, https:\/\/gontus.pl\/wp-content\/uploads\/2026\/03\/logo-biale-768x272.png 768w\" sizes=\"(max-width: 873px) 100vw, 873px\" \/>\t\t\t\t\t\t\t\t\t\t\t\t\t\t\t<\/div>\n\t\t\t\t\t<\/div>\n\t\t\t\t<\/div>\n\t\t\t\t<\/div>\n\t\t","protected":false},"excerpt":{"rendered":"<p>Dodaj tu sw\u00f3j tekst nag\u0142\u00f3wka<\/p>\n","protected":false},"author":1,"featured_media":0,"parent":0,"menu_order":0,"comment_status":"closed","ping_status":"closed","template":"","meta":{"footnotes":""},"class_list":["post-14","page","type-page","status-publish","hentry"],"_links":{"self":[{"href":"https:\/\/gontus.pl\/index.php?rest_route=\/wp\/v2\/pages\/14","targetHints":{"allow":["GET"]}}],"collection":[{"href":"https:\/\/gontus.pl\/index.php?rest_route=\/wp\/v2\/pages"}],"about":[{"href":"https:\/\/gontus.pl\/index.php?rest_route=\/wp\/v2\/types\/page"}],"author":[{"embeddable":true,"href":"https:\/\/gontus.pl\/index.php?rest_route=\/wp\/v2\/users\/1"}],"replies":[{"embeddable":true,"href":"https:\/\/gontus.pl\/index.php?rest_route=%2Fwp%2Fv2%2Fcomments&post=14"}],"version-history":[{"count":28,"href":"https:\/\/gontus.pl\/index.php?rest_route=\/wp\/v2\/pages\/14\/revisions"}],"predecessor-version":[{"id":52,"href":"https:\/\/gontus.pl\/index.php?rest_route=\/wp\/v2\/pages\/14\/revisions\/52"}],"wp:attachment":[{"href":"https:\/\/gontus.pl\/index.php?rest_route=%2Fwp%2Fv2%2Fmedia&parent=14"}],"curies":[{"name":"wp","href":"https:\/\/api.w.org\/{rel}","templated":true}]}}